{"id":12951,"date":"2023-06-27T16:22:58","date_gmt":"2023-06-27T14:22:58","guid":{"rendered":"https:\/\/www.complicesdeloire.com\/about-us\/"},"modified":"2023-08-23T15:42:14","modified_gmt":"2023-08-23T13:42:14","slug":"about-us","status":"publish","type":"page","link":"https:\/\/www.complicesdeloire.com\/en\/about-us\/","title":{"rendered":"ABOUT US"},"content":{"rendered":"\t\t<div data-elementor-type=\"wp-page\" data-elementor-id=\"12951\" class=\"elementor elementor-12951 elementor-54\" data-elementor-post-type=\"page\">\n\t\t\t\t\t\t<section class=\"elementor-section elementor-top-section elementor-element elementor-element-b20d09a elementor-section-boxed elementor-section-height-default elementor-section-height-default\" data-id=\"b20d09a\" data-element_type=\"section\" data-e-type=\"section\">\n\t\t\t\t\t\t<div class=\"elementor-container elementor-column-gap-wide\">\n\t\t\t\t\t<div class=\"elementor-column elementor-col-50 elementor-top-column elementor-element elementor-element-63325ba\" data-id=\"63325ba\" data-element_type=\"column\" data-e-type=\"column\">\n\t\t\t<div class=\"elementor-widget-wrap elementor-element-populated\">\n\t\t\t\t\t\t<div class=\"elementor-element elementor-element-3a3e489 elementor-widget elementor-widget-gallery\" data-id=\"3a3e489\" data-element_type=\"widget\" data-e-type=\"widget\" data-settings=\"{&quot;gallery_layout&quot;:&quot;justified&quot;,&quot;lazyload&quot;:&quot;yes&quot;,&quot;ideal_row_height&quot;:{&quot;unit&quot;:&quot;px&quot;,&quot;size&quot;:200,&quot;sizes&quot;:[]},&quot;ideal_row_height_tablet&quot;:{&quot;unit&quot;:&quot;px&quot;,&quot;size&quot;:150,&quot;sizes&quot;:[]},&quot;ideal_row_height_mobile&quot;:{&quot;unit&quot;:&quot;px&quot;,&quot;size&quot;:150,&quot;sizes&quot;:[]},&quot;gap&quot;:{&quot;unit&quot;:&quot;px&quot;,&quot;size&quot;:10,&quot;sizes&quot;:[]},&quot;gap_tablet&quot;:{&quot;unit&quot;:&quot;px&quot;,&quot;size&quot;:10,&quot;sizes&quot;:[]},&quot;gap_mobile&quot;:{&quot;unit&quot;:&quot;px&quot;,&quot;size&quot;:10,&quot;sizes&quot;:[]},&quot;link_to&quot;:&quot;file&quot;,&quot;overlay_background&quot;:&quot;yes&quot;,&quot;content_hover_animation&quot;:&quot;fade-in&quot;}\" data-widget_type=\"gallery.default\">\n\t\t\t\t<div class=\"elementor-widget-container\">\n\t\t\t\t\t\t\t<div class=\"elementor-gallery__container\">\n\t\t\t\t\t\t\t<a class=\"e-gallery-item elementor-gallery-item elementor-animated-content\" href=\"https:\/\/www.complicesdeloire.com\/wp-content\/uploads\/2023\/06\/raisin.jpg\" data-elementor-open-lightbox=\"yes\" data-elementor-lightbox-slideshow=\"3a3e489\" data-elementor-lightbox-title=\"raisin\" data-e-action-hash=\"#elementor-action%3Aaction%3Dlightbox%26settings%3DeyJpZCI6MTIyNjAsInVybCI6Imh0dHBzOlwvXC93d3cuY29tcGxpY2VzZGVsb2lyZS5jb21cL3dwLWNvbnRlbnRcL3VwbG9hZHNcLzIwMjNcLzA2XC9yYWlzaW4uanBnIiwic2xpZGVzaG93IjoiM2EzZTQ4OSJ9\">\n\t\t\t\t\t<div class=\"e-gallery-image elementor-gallery-item__image\" data-thumbnail=\"https:\/\/www.complicesdeloire.com\/wp-content\/uploads\/2023\/06\/raisin.jpg\" data-width=\"277\" data-height=\"254\" aria-label=\"\" role=\"img\" ><\/div>\n\t\t\t\t\t\t\t\t\t\t\t<div class=\"elementor-gallery-item__overlay\"><\/div>\n\t\t\t\t\t\t\t\t\t\t\t\t\t\t<\/a>\n\t\t\t\t\t\t\t<a class=\"e-gallery-item elementor-gallery-item elementor-animated-content\" href=\"https:\/\/www.complicesdeloire.com\/wp-content\/uploads\/2023\/06\/equipe-complices-de-loire-min.jpg\" data-elementor-open-lightbox=\"yes\" data-elementor-lightbox-slideshow=\"3a3e489\" data-elementor-lightbox-title=\"equipe-complices-de-loire-min\" data-e-action-hash=\"#elementor-action%3Aaction%3Dlightbox%26settings%3DeyJpZCI6MTIyNDMsInVybCI6Imh0dHBzOlwvXC93d3cuY29tcGxpY2VzZGVsb2lyZS5jb21cL3dwLWNvbnRlbnRcL3VwbG9hZHNcLzIwMjNcLzA2XC9lcXVpcGUtY29tcGxpY2VzLWRlLWxvaXJlLW1pbi5qcGciLCJzbGlkZXNob3ciOiIzYTNlNDg5In0%3D\">\n\t\t\t\t\t<div class=\"e-gallery-image elementor-gallery-item__image\" data-thumbnail=\"https:\/\/www.complicesdeloire.com\/wp-content\/uploads\/2023\/06\/equipe-complices-de-loire-min-768x633.jpg\" data-width=\"768\" data-height=\"633\" aria-label=\"\" role=\"img\" ><\/div>\n\t\t\t\t\t\t\t\t\t\t\t<div class=\"elementor-gallery-item__overlay\"><\/div>\n\t\t\t\t\t\t\t\t\t\t\t\t\t\t<\/a>\n\t\t\t\t\t<\/div>\n\t\t\t\t\t<\/div>\n\t\t\t\t<\/div>\n\t\t\t\t\t<\/div>\n\t\t<\/div>\n\t\t\t\t<div class=\"elementor-column elementor-col-50 elementor-top-column elementor-element elementor-element-d1ecfe6\" data-id=\"d1ecfe6\" data-element_type=\"column\" data-e-type=\"column\">\n\t\t\t<div class=\"elementor-widget-wrap elementor-element-populated\">\n\t\t\t\t\t\t<div class=\"elementor-element elementor-element-cc0f70d elementor-widget elementor-widget-heading\" data-id=\"cc0f70d\" data-element_type=\"widget\" data-e-type=\"widget\" data-widget_type=\"heading.default\">\n\t\t\t\t<div class=\"elementor-widget-container\">\n\t\t\t\t\t<h2 class=\"elementor-heading-title elementor-size-default\"><span>Complices de Loire<\/span>\nit\u2019s all about the wine passion \n\n\n<\/h2>\t\t\t\t<\/div>\n\t\t\t\t<\/div>\n\t\t\t\t<div class=\"elementor-element elementor-element-8a63af4 elementor-widget elementor-widget-text-editor\" data-id=\"8a63af4\" data-element_type=\"widget\" data-e-type=\"widget\" data-widget_type=\"text-editor.default\">\n\t\t\t\t<div class=\"elementor-widget-container\">\n\t\t\t\t\t\t\t\t\t<p><strong>Complices de Loire<\/strong> is an association of two vine growers and winemakers from Loire Valley, <strong>Fran\u00e7ois-Xavier Barc<\/strong> et <strong>G\u00e9rald Vall\u00e9e<\/strong>.<\/p>\n\t\t\t\t\t\t\t\t<\/div>\n\t\t\t\t<\/div>\n\t\t\t\t\t<\/div>\n\t\t<\/div>\n\t\t\t\t\t<\/div>\n\t\t<\/section>\n\t\t\t\t<section class=\"elementor-section elementor-top-section elementor-element elementor-element-7dd013f elementor-section-full_width elementor-section-height-default elementor-section-height-default\" data-id=\"7dd013f\" data-element_type=\"section\" data-e-type=\"section\" data-settings=\"{&quot;background_background&quot;:&quot;classic&quot;}\">\n\t\t\t\t\t\t<div class=\"elementor-container elementor-column-gap-default\">\n\t\t\t\t\t<div class=\"elementor-column elementor-col-33 elementor-top-column elementor-element elementor-element-c1c8aa7\" data-id=\"c1c8aa7\" data-element_type=\"column\" data-e-type=\"column\">\n\t\t\t<div class=\"elementor-widget-wrap elementor-element-populated\">\n\t\t\t\t\t\t<div class=\"elementor-element elementor-element-6ebc8a2 elementor-absolute elementor-hidden-tablet elementor-hidden-mobile elementor-widget elementor-widget-heading\" data-id=\"6ebc8a2\" data-element_type=\"widget\" data-e-type=\"widget\" data-settings=\"{&quot;_position&quot;:&quot;absolute&quot;}\" data-widget_type=\"heading.default\">\n\t\t\t\t<div class=\"elementor-widget-container\">\n\t\t\t\t\t<span class=\"elementor-heading-title elementor-size-default\">FX<\/span>\t\t\t\t<\/div>\n\t\t\t\t<\/div>\n\t\t\t\t<div class=\"elementor-element elementor-element-72a0540 elementor-absolute elementor-hidden-tablet elementor-hidden-mobile elementor-widget elementor-widget-heading\" data-id=\"72a0540\" data-element_type=\"widget\" data-e-type=\"widget\" data-settings=\"{&quot;_position&quot;:&quot;absolute&quot;}\" data-widget_type=\"heading.default\">\n\t\t\t\t<div class=\"elementor-widget-container\">\n\t\t\t\t\t<span class=\"elementor-heading-title elementor-size-default\">GV<\/span>\t\t\t\t<\/div>\n\t\t\t\t<\/div>\n\t\t\t\t<div class=\"elementor-element elementor-element-47f9b6b elementor-widget elementor-widget-heading\" data-id=\"47f9b6b\" data-element_type=\"widget\" data-e-type=\"widget\" data-widget_type=\"heading.default\">\n\t\t\t\t<div class=\"elementor-widget-container\">\n\t\t\t\t\t<h2 class=\"elementor-heading-title elementor-size-default\">The complices<\/h2>\t\t\t\t<\/div>\n\t\t\t\t<\/div>\n\t\t\t\t<div class=\"elementor-element elementor-element-b107342 elementor-widget elementor-widget-text-editor\" data-id=\"b107342\" data-element_type=\"widget\" data-e-type=\"widget\" data-widget_type=\"text-editor.default\">\n\t\t\t\t<div class=\"elementor-widget-container\">\n\t\t\t\t\t\t\t\t\t<p>Originated from Loire Valley, <strong>Fran\u00e7ois-Xavier Barc<\/strong>, made his studies in Chinon and Saint-Emilion wine regions. Surrounded with the wine growers who share the same philosophy and a wine passion, he has been creating around 15 cuv\u00e9es divided into 3 different wine ranges <\/p>\n<p><strong>G\u00e9rald Vall\u00e9e<\/strong> comes from a long line of winemakers. He manages his family owned Domaine de la Cotelleraie situated in the heart of Saint-Nicolas de Bourgueil.<\/p>\n\t\t\t\t\t\t\t\t<\/div>\n\t\t\t\t<\/div>\n\t\t\t\t\t<\/div>\n\t\t<\/div>\n\t\t\t\t<div class=\"elementor-column elementor-col-33 elementor-top-column elementor-element elementor-element-68e42ee\" data-id=\"68e42ee\" data-element_type=\"column\" data-e-type=\"column\" data-settings=\"{&quot;background_background&quot;:&quot;classic&quot;}\">\n\t\t\t<div class=\"elementor-widget-wrap elementor-element-populated\">\n\t\t\t\t\t\t<div class=\"elementor-element elementor-element-a8fa331 elementor-widget elementor-widget-image\" data-id=\"a8fa331\" data-element_type=\"widget\" data-e-type=\"widget\" data-widget_type=\"image.default\">\n\t\t\t\t<div class=\"elementor-widget-container\">\n\t\t\t\t\t\t\t\t\t\t\t\t\t\t\t<img fetchpriority=\"high\" decoding=\"async\" width=\"600\" height=\"900\" src=\"https:\/\/www.complicesdeloire.com\/wp-content\/uploads\/2023\/07\/fx-barc-portrait.jpg\" class=\"attachment-large size-large wp-image-12884\" alt=\"\" srcset=\"https:\/\/www.complicesdeloire.com\/wp-content\/uploads\/2023\/07\/fx-barc-portrait.jpg 600w, https:\/\/www.complicesdeloire.com\/wp-content\/uploads\/2023\/07\/fx-barc-portrait-200x300.jpg 200w\" sizes=\"(max-width: 600px) 100vw, 600px\" \/>\t\t\t\t\t\t\t\t\t\t\t\t\t\t\t<\/div>\n\t\t\t\t<\/div>\n\t\t\t\t\t<\/div>\n\t\t<\/div>\n\t\t\t\t<div class=\"elementor-column elementor-col-33 elementor-top-column elementor-element elementor-element-b3d729a\" data-id=\"b3d729a\" data-element_type=\"column\" data-e-type=\"column\" data-settings=\"{&quot;background_background&quot;:&quot;classic&quot;}\">\n\t\t\t<div class=\"elementor-widget-wrap elementor-element-populated\">\n\t\t\t\t\t\t<div class=\"elementor-element elementor-element-776ed17 elementor-widget elementor-widget-image\" data-id=\"776ed17\" data-element_type=\"widget\" data-e-type=\"widget\" data-widget_type=\"image.default\">\n\t\t\t\t<div class=\"elementor-widget-container\">\n\t\t\t\t\t\t\t\t\t\t\t\t\t\t\t<img decoding=\"async\" width=\"600\" height=\"900\" src=\"https:\/\/www.complicesdeloire.com\/wp-content\/uploads\/2023\/07\/gerald-portrait.jpg\" class=\"attachment-1536x1536 size-1536x1536 wp-image-12905\" alt=\"\" srcset=\"https:\/\/www.complicesdeloire.com\/wp-content\/uploads\/2023\/07\/gerald-portrait.jpg 600w, https:\/\/www.complicesdeloire.com\/wp-content\/uploads\/2023\/07\/gerald-portrait-200x300.jpg 200w\" sizes=\"(max-width: 600px) 100vw, 600px\" \/>\t\t\t\t\t\t\t\t\t\t\t\t\t\t\t<\/div>\n\t\t\t\t<\/div>\n\t\t\t\t\t<\/div>\n\t\t<\/div>\n\t\t\t\t\t<\/div>\n\t\t<\/section>\n\t\t\t\t<section class=\"elementor-section elementor-top-section elementor-element elementor-element-a983c26 elementor-section-full_width elementor-section-height-default elementor-section-height-default\" data-id=\"a983c26\" data-element_type=\"section\" data-e-type=\"section\">\n\t\t\t\t\t\t<div class=\"elementor-container elementor-column-gap-default\">\n\t\t\t\t\t<div class=\"elementor-column elementor-col-100 elementor-top-column elementor-element elementor-element-8933ab0\" data-id=\"8933ab0\" data-element_type=\"column\" data-e-type=\"column\">\n\t\t\t<div class=\"elementor-widget-wrap elementor-element-populated\">\n\t\t\t\t\t\t<div class=\"elementor-element elementor-element-77aa5ec elementor-widget-divider--view-line elementor-widget elementor-widget-divider\" data-id=\"77aa5ec\" data-element_type=\"widget\" data-e-type=\"widget\" data-widget_type=\"divider.default\">\n\t\t\t\t<div class=\"elementor-widget-container\">\n\t\t\t\t\t\t\t<div class=\"elementor-divider\">\n\t\t\t<span class=\"elementor-divider-separator\">\n\t\t\t\t\t\t<\/span>\n\t\t<\/div>\n\t\t\t\t\t\t<\/div>\n\t\t\t\t<\/div>\n\t\t\t\t<div class=\"elementor-element elementor-element-0225fed elementor-widget-divider--view-line elementor-widget elementor-widget-divider\" data-id=\"0225fed\" data-element_type=\"widget\" data-e-type=\"widget\" data-widget_type=\"divider.default\">\n\t\t\t\t<div class=\"elementor-widget-container\">\n\t\t\t\t\t\t\t<div class=\"elementor-divider\">\n\t\t\t<span class=\"elementor-divider-separator\">\n\t\t\t\t\t\t<\/span>\n\t\t<\/div>\n\t\t\t\t\t\t<\/div>\n\t\t\t\t<\/div>\n\t\t\t\t\t<\/div>\n\t\t<\/div>\n\t\t\t\t\t<\/div>\n\t\t<\/section>\n\t\t\t\t<section class=\"elementor-section elementor-top-section elementor-element elementor-element-c421e39 elementor-section-boxed elementor-section-height-default elementor-section-height-default\" data-id=\"c421e39\" data-element_type=\"section\" data-e-type=\"section\">\n\t\t\t\t\t\t<div class=\"elementor-container elementor-column-gap-default\">\n\t\t\t\t\t<div class=\"elementor-column elementor-col-50 elementor-top-column elementor-element elementor-element-32bbea5\" data-id=\"32bbea5\" data-element_type=\"column\" data-e-type=\"column\">\n\t\t\t<div class=\"elementor-widget-wrap elementor-element-populated\">\n\t\t\t\t\t\t<div class=\"elementor-element elementor-element-c16ad05 elementor-absolute elementor-hidden-tablet elementor-hidden-mobile elementor-widget elementor-widget-heading\" data-id=\"c16ad05\" data-element_type=\"widget\" data-e-type=\"widget\" data-settings=\"{&quot;_position&quot;:&quot;absolute&quot;}\" data-widget_type=\"heading.default\">\n\t\t\t\t<div class=\"elementor-widget-container\">\n\t\t\t\t\t<span class=\"elementor-heading-title elementor-size-default\">T<\/span>\t\t\t\t<\/div>\n\t\t\t\t<\/div>\n\t\t\t\t<div class=\"elementor-element elementor-element-b0f96f4 elementor-widget elementor-widget-heading\" data-id=\"b0f96f4\" data-element_type=\"widget\" data-e-type=\"widget\" data-widget_type=\"heading.default\">\n\t\t\t\t<div class=\"elementor-widget-container\">\n\t\t\t\t\t<h2 class=\"elementor-heading-title elementor-size-default\"><span>The philosophy that combines <\/span>\nTradition and modernity\n<\/h2>\t\t\t\t<\/div>\n\t\t\t\t<\/div>\n\t\t\t\t<div class=\"elementor-element elementor-element-b683761 elementor-widget elementor-widget-text-editor\" data-id=\"b683761\" data-element_type=\"widget\" data-e-type=\"widget\" data-widget_type=\"text-editor.default\">\n\t\t\t\t<div class=\"elementor-widget-container\">\n\t\t\t\t\t\t\t\t\t<p>Our goal is to propose wines that associate complexity and an immediate pleasure. That\u2019s why our portfolio is composed with fresh, fruity and easy to pair wines. They are mainly produced in stainless steel tanks in order to emphasize the fruit expression.<\/p>\n<p>These wines are cultivated using the integrated or organic farming. At the same time, we have other range of limited cuv\u00e9es that are produced in French oak barrels or amphoras. <\/p>\n\t\t\t\t\t\t\t\t<\/div>\n\t\t\t\t<\/div>\n\t\t\t\t\t<\/div>\n\t\t<\/div>\n\t\t\t\t<div class=\"elementor-column elementor-col-50 elementor-top-column elementor-element elementor-element-cc4111e\" data-id=\"cc4111e\" data-element_type=\"column\" data-e-type=\"column\">\n\t\t\t<div class=\"elementor-widget-wrap elementor-element-populated\">\n\t\t\t\t\t\t<div class=\"elementor-element elementor-element-c88c012 elementor-widget elementor-widget-image\" data-id=\"c88c012\" data-element_type=\"widget\" data-e-type=\"widget\" data-widget_type=\"image.default\">\n\t\t\t\t<div class=\"elementor-widget-container\">\n\t\t\t\t\t\t\t\t\t\t\t\t\t\t\t<img decoding=\"async\" width=\"800\" height=\"629\" src=\"https:\/\/www.complicesdeloire.com\/wp-content\/uploads\/2023\/07\/nos-gammes.jpg\" class=\"attachment-large size-large wp-image-12915\" alt=\"\" srcset=\"https:\/\/www.complicesdeloire.com\/wp-content\/uploads\/2023\/07\/nos-gammes.jpg 980w, https:\/\/www.complicesdeloire.com\/wp-content\/uploads\/2023\/07\/nos-gammes-300x236.jpg 300w, https:\/\/www.complicesdeloire.com\/wp-content\/uploads\/2023\/07\/nos-gammes-768x604.jpg 768w\" sizes=\"(max-width: 800px) 100vw, 800px\" \/>\t\t\t\t\t\t\t\t\t\t\t\t\t\t\t<\/div>\n\t\t\t\t<\/div>\n\t\t\t\t\t<\/div>\n\t\t<\/div>\n\t\t\t\t\t<\/div>\n\t\t<\/section>\n\t\t\t\t<section class=\"elementor-section elementor-top-section elementor-element elementor-element-9d4c0da elementor-section-boxed elementor-section-height-default elementor-section-height-default\" data-id=\"9d4c0da\" data-element_type=\"section\" data-e-type=\"section\">\n\t\t\t\t\t\t<div class=\"elementor-container elementor-column-gap-default\">\n\t\t\t\t\t<div class=\"elementor-column elementor-col-100 elementor-top-column elementor-element elementor-element-be6f75b\" data-id=\"be6f75b\" data-element_type=\"column\" data-e-type=\"column\">\n\t\t\t<div class=\"elementor-widget-wrap elementor-element-populated\">\n\t\t\t\t\t\t<div class=\"elementor-element elementor-element-9966785 elementor-widget elementor-widget-text-editor\" data-id=\"9966785\" data-element_type=\"widget\" data-e-type=\"widget\" data-widget_type=\"text-editor.default\">\n\t\t\t\t<div class=\"elementor-widget-container\">\n\t\t\t\t\t\t\t\t\t<p>We invite you to discover our 3 wine ranges.<br \/><a href=\"https:\/\/www.complicesdeloire.com\/en\/traditional-range\/\">Traditional wine range<\/a>, <a href=\"https:\/\/www.complicesdeloire.com\/en\/organic-range\/\">organic wine range<\/a> and <a href=\"https:\/\/www.complicesdeloire.com\/en\/confidential-range\/\">confidential wine range<\/a>.<\/p>\n\t\t\t\t\t\t\t\t<\/div>\n\t\t\t\t<\/div>\n\t\t\t\t\t<\/div>\n\t\t<\/div>\n\t\t\t\t\t<\/div>\n\t\t<\/section>\n\t\t\t\t<section class=\"elementor-section elementor-top-section elementor-element elementor-element-7980a62 elementor-section-boxed elementor-section-height-default elementor-section-height-default\" data-id=\"7980a62\" data-element_type=\"section\" data-e-type=\"section\">\n\t\t\t\t\t\t<div class=\"elementor-container elementor-column-gap-default\">\n\t\t\t\t\t<div class=\"elementor-column elementor-col-100 elementor-top-column elementor-element elementor-element-71a05b7\" data-id=\"71a05b7\" data-element_type=\"column\" data-e-type=\"column\">\n\t\t\t<div class=\"elementor-widget-wrap\">\n\t\t\t\t\t\t\t<\/div>\n\t\t<\/div>\n\t\t\t\t\t<\/div>\n\t\t<\/section>\n\t\t\t\t<\/div>\n\t\t","protected":false},"excerpt":{"rendered":"<p>Complices de Loire it\u2019s all about the wine passion Complices de Loire is an association of two vine growers and winemakers from Loire Valley, Fran\u00e7ois-Xavier Barc et G\u00e9rald Vall\u00e9e. FX GV The complices Originated from Loire Valley, Fran\u00e7ois-Xavier Barc, made his studies in Chinon and Saint-Emilion wine regions. Surrounded with the wine growers who share [&hellip;]<\/p>\n","protected":false},"author":1,"featured_media":12854,"parent":0,"menu_order":0,"comment_status":"closed","ping_status":"closed","template":"","meta":{"_acf_changed":false,"footnotes":""},"class_list":["post-12951","page","type-page","status-publish","has-post-thumbnail","hentry"],"acf":[],"yoast_head":"<!-- This site is optimized with the Yoast SEO plugin v26.2 - https:\/\/yoast.com\/wordpress\/plugins\/seo\/ -->\n<title>ABOUT US - Complices de Loire<\/title>\n<meta name=\"robots\" content=\"index, follow, max-snippet:-1, max-image-preview:large, max-video-preview:-1\" \/>\n<link rel=\"canonical\" href=\"https:\/\/www.complicesdeloire.com\/en\/about-us\/\" \/>\n<meta property=\"og:locale\" content=\"en_US\" \/>\n<meta property=\"og:type\" content=\"article\" \/>\n<meta property=\"og:title\" content=\"ABOUT US - Complices de Loire\" \/>\n<meta property=\"og:description\" content=\"Complices de Loire it\u2019s all about the wine passion Complices de Loire is an association of two vine growers and winemakers from Loire Valley, Fran\u00e7ois-Xavier Barc et G\u00e9rald Vall\u00e9e. FX GV The complices Originated from Loire Valley, Fran\u00e7ois-Xavier Barc, made his studies in Chinon and Saint-Emilion wine regions. Surrounded with the wine growers who share [&hellip;]\" \/>\n<meta property=\"og:url\" content=\"https:\/\/www.complicesdeloire.com\/en\/about-us\/\" \/>\n<meta property=\"og:site_name\" content=\"Complices de Loire\" \/>\n<meta property=\"article:modified_time\" content=\"2023-08-23T13:42:14+00:00\" \/>\n<meta property=\"og:image\" content=\"https:\/\/www.complicesdeloire.com\/wp-content\/uploads\/2023\/06\/bandeau-qui-sommes-nous.jpg\" \/>\n\t<meta property=\"og:image:width\" content=\"1806\" \/>\n\t<meta property=\"og:image:height\" content=\"446\" \/>\n\t<meta property=\"og:image:type\" content=\"image\/jpeg\" \/>\n<meta name=\"twitter:card\" content=\"summary_large_image\" \/>\n<meta name=\"twitter:label1\" content=\"Est. reading time\" \/>\n\t<meta name=\"twitter:data1\" content=\"2 minutes\" \/>\n<script type=\"application\/ld+json\" class=\"yoast-schema-graph\">{\"@context\":\"https:\/\/schema.org\",\"@graph\":[{\"@type\":\"WebPage\",\"@id\":\"https:\/\/www.complicesdeloire.com\/en\/about-us\/\",\"url\":\"https:\/\/www.complicesdeloire.com\/en\/about-us\/\",\"name\":\"ABOUT US - Complices de Loire\",\"isPartOf\":{\"@id\":\"https:\/\/www.complicesdeloire.com\/#website\"},\"primaryImageOfPage\":{\"@id\":\"https:\/\/www.complicesdeloire.com\/en\/about-us\/#primaryimage\"},\"image\":{\"@id\":\"https:\/\/www.complicesdeloire.com\/en\/about-us\/#primaryimage\"},\"thumbnailUrl\":\"https:\/\/www.complicesdeloire.com\/wp-content\/uploads\/2023\/06\/bandeau-qui-sommes-nous.jpg\",\"datePublished\":\"2023-06-27T14:22:58+00:00\",\"dateModified\":\"2023-08-23T13:42:14+00:00\",\"breadcrumb\":{\"@id\":\"https:\/\/www.complicesdeloire.com\/en\/about-us\/#breadcrumb\"},\"inLanguage\":\"en-US\",\"potentialAction\":[{\"@type\":\"ReadAction\",\"target\":[\"https:\/\/www.complicesdeloire.com\/en\/about-us\/\"]}]},{\"@type\":\"ImageObject\",\"inLanguage\":\"en-US\",\"@id\":\"https:\/\/www.complicesdeloire.com\/en\/about-us\/#primaryimage\",\"url\":\"https:\/\/www.complicesdeloire.com\/wp-content\/uploads\/2023\/06\/bandeau-qui-sommes-nous.jpg\",\"contentUrl\":\"https:\/\/www.complicesdeloire.com\/wp-content\/uploads\/2023\/06\/bandeau-qui-sommes-nous.jpg\",\"width\":1806,\"height\":446},{\"@type\":\"BreadcrumbList\",\"@id\":\"https:\/\/www.complicesdeloire.com\/en\/about-us\/#breadcrumb\",\"itemListElement\":[{\"@type\":\"ListItem\",\"position\":1,\"name\":\"Accueil\",\"item\":\"https:\/\/www.complicesdeloire.com\/\"},{\"@type\":\"ListItem\",\"position\":2,\"name\":\"ABOUT US\"}]},{\"@type\":\"WebSite\",\"@id\":\"https:\/\/www.complicesdeloire.com\/#website\",\"url\":\"https:\/\/www.complicesdeloire.com\/\",\"name\":\"Complices de Loire\",\"description\":\"\",\"potentialAction\":[{\"@type\":\"SearchAction\",\"target\":{\"@type\":\"EntryPoint\",\"urlTemplate\":\"https:\/\/www.complicesdeloire.com\/?s={search_term_string}\"},\"query-input\":{\"@type\":\"PropertyValueSpecification\",\"valueRequired\":true,\"valueName\":\"search_term_string\"}}],\"inLanguage\":\"en-US\"}]}<\/script>\n<!-- \/ Yoast SEO plugin. -->","yoast_head_json":{"title":"ABOUT US - Complices de Loire","robots":{"index":"index","follow":"follow","max-snippet":"max-snippet:-1","max-image-preview":"max-image-preview:large","max-video-preview":"max-video-preview:-1"},"canonical":"https:\/\/www.complicesdeloire.com\/en\/about-us\/","og_locale":"en_US","og_type":"article","og_title":"ABOUT US - Complices de Loire","og_description":"Complices de Loire it\u2019s all about the wine passion Complices de Loire is an association of two vine growers and winemakers from Loire Valley, Fran\u00e7ois-Xavier Barc et G\u00e9rald Vall\u00e9e. FX GV The complices Originated from Loire Valley, Fran\u00e7ois-Xavier Barc, made his studies in Chinon and Saint-Emilion wine regions. Surrounded with the wine growers who share [&hellip;]","og_url":"https:\/\/www.complicesdeloire.com\/en\/about-us\/","og_site_name":"Complices de Loire","article_modified_time":"2023-08-23T13:42:14+00:00","og_image":[{"width":1806,"height":446,"url":"https:\/\/www.complicesdeloire.com\/wp-content\/uploads\/2023\/06\/bandeau-qui-sommes-nous.jpg","type":"image\/jpeg"}],"twitter_card":"summary_large_image","twitter_misc":{"Est. reading time":"2 minutes"},"schema":{"@context":"https:\/\/schema.org","@graph":[{"@type":"WebPage","@id":"https:\/\/www.complicesdeloire.com\/en\/about-us\/","url":"https:\/\/www.complicesdeloire.com\/en\/about-us\/","name":"ABOUT US - Complices de Loire","isPartOf":{"@id":"https:\/\/www.complicesdeloire.com\/#website"},"primaryImageOfPage":{"@id":"https:\/\/www.complicesdeloire.com\/en\/about-us\/#primaryimage"},"image":{"@id":"https:\/\/www.complicesdeloire.com\/en\/about-us\/#primaryimage"},"thumbnailUrl":"https:\/\/www.complicesdeloire.com\/wp-content\/uploads\/2023\/06\/bandeau-qui-sommes-nous.jpg","datePublished":"2023-06-27T14:22:58+00:00","dateModified":"2023-08-23T13:42:14+00:00","breadcrumb":{"@id":"https:\/\/www.complicesdeloire.com\/en\/about-us\/#breadcrumb"},"inLanguage":"en-US","potentialAction":[{"@type":"ReadAction","target":["https:\/\/www.complicesdeloire.com\/en\/about-us\/"]}]},{"@type":"ImageObject","inLanguage":"en-US","@id":"https:\/\/www.complicesdeloire.com\/en\/about-us\/#primaryimage","url":"https:\/\/www.complicesdeloire.com\/wp-content\/uploads\/2023\/06\/bandeau-qui-sommes-nous.jpg","contentUrl":"https:\/\/www.complicesdeloire.com\/wp-content\/uploads\/2023\/06\/bandeau-qui-sommes-nous.jpg","width":1806,"height":446},{"@type":"BreadcrumbList","@id":"https:\/\/www.complicesdeloire.com\/en\/about-us\/#breadcrumb","itemListElement":[{"@type":"ListItem","position":1,"name":"Accueil","item":"https:\/\/www.complicesdeloire.com\/"},{"@type":"ListItem","position":2,"name":"ABOUT US"}]},{"@type":"WebSite","@id":"https:\/\/www.complicesdeloire.com\/#website","url":"https:\/\/www.complicesdeloire.com\/","name":"Complices de Loire","description":"","potentialAction":[{"@type":"SearchAction","target":{"@type":"EntryPoint","urlTemplate":"https:\/\/www.complicesdeloire.com\/?s={search_term_string}"},"query-input":{"@type":"PropertyValueSpecification","valueRequired":true,"valueName":"search_term_string"}}],"inLanguage":"en-US"}]}},"_links":{"self":[{"href":"https:\/\/www.complicesdeloire.com\/en\/wp-json\/wp\/v2\/pages\/12951","targetHints":{"allow":["GET"]}}],"collection":[{"href":"https:\/\/www.complicesdeloire.com\/en\/wp-json\/wp\/v2\/pages"}],"about":[{"href":"https:\/\/www.complicesdeloire.com\/en\/wp-json\/wp\/v2\/types\/page"}],"author":[{"embeddable":true,"href":"https:\/\/www.complicesdeloire.com\/en\/wp-json\/wp\/v2\/users\/1"}],"replies":[{"embeddable":true,"href":"https:\/\/www.complicesdeloire.com\/en\/wp-json\/wp\/v2\/comments?post=12951"}],"version-history":[{"count":3,"href":"https:\/\/www.complicesdeloire.com\/en\/wp-json\/wp\/v2\/pages\/12951\/revisions"}],"predecessor-version":[{"id":12978,"href":"https:\/\/www.complicesdeloire.com\/en\/wp-json\/wp\/v2\/pages\/12951\/revisions\/12978"}],"wp:featuredmedia":[{"embeddable":true,"href":"https:\/\/www.complicesdeloire.com\/en\/wp-json\/wp\/v2\/media\/12854"}],"wp:attachment":[{"href":"https:\/\/www.complicesdeloire.com\/en\/wp-json\/wp\/v2\/media?parent=12951"}],"curies":[{"name":"wp","href":"https:\/\/api.w.org\/{rel}","templated":true}]}}